{"id":4155,"date":"2024-06-10T17:27:44","date_gmt":"2024-06-10T17:27:44","guid":{"rendered":"https:\/\/articon.kiubo.ch\/prothese-de-genou-et-de-hanche-assistee-par-bras-robotique-mako\/"},"modified":"2025-12-03T10:34:15","modified_gmt":"2025-12-03T10:34:15","slug":"prothese-de-genou-et-de-hanche-assistee-par-bras-robotique-mako","status":"publish","type":"page","link":"https:\/\/articon.ch\/fr\/prothese-de-genou-et-de-hanche-assistee-par-bras-robotique-mako\/","title":{"rendered":"Proth\u00e8se de genou et de hanche assist\u00e9e par bras robotique MAKO"},"content":{"rendered":"\n<p>Le progr\u00e8s technique est omnipr\u00e9sent dans notre vie quotidienne et, en de nombreux endroits, les technologies intelligentes am\u00e9liorent notre vie. C'est \u00e9galement le cas dans le domaine m\u00e9dical. Notre <strong>cabinet sp\u00e9cialis\u00e9 est l'un des pionniers de la chirurgie assist\u00e9e par robot en Europe.<\/strong> Depuis 2018, nous utilisons d\u00e9j\u00e0 de mani\u00e8re routini\u00e8re la proc\u00e9dure MAKO pour l'implantation de proth\u00e8ses de genou et de hanche.  <\/p>\n","protected":false},"excerpt":{"rendered":"","protected":false},"author":1,"featured_media":3769,"parent":0,"menu_order":0,"comment_status":"closed","ping_status":"closed","template":"","meta":{"_acf_changed":false,"footnotes":""},"class_list":["post-4155","page","type-page","status-publish","has-post-thumbnail","hentry"],"acf":[],"_links":{"self":[{"href":"https:\/\/articon.ch\/fr\/wp-json\/wp\/v2\/pages\/4155","targetHints":{"allow":["GET"]}}],"collection":[{"href":"https:\/\/articon.ch\/fr\/wp-json\/wp\/v2\/pages"}],"about":[{"href":"https:\/\/articon.ch\/fr\/wp-json\/wp\/v2\/types\/page"}],"author":[{"embeddable":true,"href":"https:\/\/articon.ch\/fr\/wp-json\/wp\/v2\/users\/1"}],"replies":[{"embeddable":true,"href":"https:\/\/articon.ch\/fr\/wp-json\/wp\/v2\/comments?post=4155"}],"version-history":[{"count":3,"href":"https:\/\/articon.ch\/fr\/wp-json\/wp\/v2\/pages\/4155\/revisions"}],"predecessor-version":[{"id":4675,"href":"https:\/\/articon.ch\/fr\/wp-json\/wp\/v2\/pages\/4155\/revisions\/4675"}],"wp:featuredmedia":[{"embeddable":true,"href":"https:\/\/articon.ch\/fr\/wp-json\/wp\/v2\/media\/3769"}],"wp:attachment":[{"href":"https:\/\/articon.ch\/fr\/wp-json\/wp\/v2\/media?parent=4155"}],"curies":[{"name":"wp","href":"https:\/\/api.w.org\/{rel}","templated":true}]}}