{"id":4147,"date":"2024-11-06T10:16:09","date_gmt":"2024-11-06T10:16:09","guid":{"rendered":"https:\/\/articon.kiubo.ch\/patients-prives\/"},"modified":"2025-12-08T19:57:36","modified_gmt":"2025-12-08T19:57:36","slug":"patients-prives","status":"publish","type":"page","link":"https:\/\/articon.ch\/fr\/patients-prives\/","title":{"rendered":"Patients priv\u00e9s"},"content":{"rendered":"\n<p><\/p>\n\n<p class=\"has-white-background-color has-background\"><strong> Tous les patients sont les bienvenus <\/strong>au cabinet sp\u00e9cialis\u00e9 articon<strong>, <\/strong>ind\u00e9pendamment de leur classe d'assurance et de leurs exigences m\u00e9dicales respectives.  <\/p>\n\n<div style=\"height:50px\" aria-hidden=\"true\" class=\"wp-block-spacer\"><\/div>\n\n<p>Notre objectif est de vous offrir des soins m\u00e9dicaux de qualit\u00e9, en toute confiance. Le Dr Tilman Calliess et son \u00e9quipe veillent \u00e0 ce que tous les concepts de traitement respectent les normes m\u00e9dicales et \u00e9thiques les plus strictes. Cela vaut pour les mesures pr\u00e9ventives, diagnostiques et chirurgicales. Vous pouvez donc \u00eatre s\u00fbr que votre traitement sera toujours bas\u00e9 sur les derni\u00e8res avanc\u00e9es scientifiques et techniques. Il est \u00e9galement adapt\u00e9 \u00e0 vos besoins.    <\/p>\n\n<p>Votre sant\u00e9 et votre bien-\u00eatre sont notre <strong>priorit\u00e9 absolue<\/strong>, et nous nous en portons garants avec notre nom articon.<\/p>\n\n<div style=\"height:50px\" aria-hidden=\"true\" class=\"wp-block-spacer\"><\/div>\n","protected":false},"excerpt":{"rendered":"<p>Tous les patients sont les bienvenus au cabinet sp\u00e9cialis\u00e9 articon, ind\u00e9pendamment de leur classe d&rsquo;assurance et de leurs exigences m\u00e9dicales respectives. Notre objectif est de vous offrir des soins m\u00e9dicaux de qualit\u00e9, en toute confiance. Le Dr Tilman Calliess et son \u00e9quipe veillent \u00e0 ce que tous les concepts de traitement respectent les normes m\u00e9dicales [&hellip;]<\/p>\n","protected":false},"author":1,"featured_media":5020,"parent":0,"menu_order":0,"comment_status":"closed","ping_status":"closed","template":"","meta":{"_acf_changed":false,"footnotes":""},"class_list":["post-4147","page","type-page","status-publish","has-post-thumbnail","hentry"],"acf":[],"_links":{"self":[{"href":"https:\/\/articon.ch\/fr\/wp-json\/wp\/v2\/pages\/4147","targetHints":{"allow":["GET"]}}],"collection":[{"href":"https:\/\/articon.ch\/fr\/wp-json\/wp\/v2\/pages"}],"about":[{"href":"https:\/\/articon.ch\/fr\/wp-json\/wp\/v2\/types\/page"}],"author":[{"embeddable":true,"href":"https:\/\/articon.ch\/fr\/wp-json\/wp\/v2\/users\/1"}],"replies":[{"embeddable":true,"href":"https:\/\/articon.ch\/fr\/wp-json\/wp\/v2\/comments?post=4147"}],"version-history":[{"count":3,"href":"https:\/\/articon.ch\/fr\/wp-json\/wp\/v2\/pages\/4147\/revisions"}],"predecessor-version":[{"id":5021,"href":"https:\/\/articon.ch\/fr\/wp-json\/wp\/v2\/pages\/4147\/revisions\/5021"}],"wp:featuredmedia":[{"embeddable":true,"href":"https:\/\/articon.ch\/fr\/wp-json\/wp\/v2\/media\/5020"}],"wp:attachment":[{"href":"https:\/\/articon.ch\/fr\/wp-json\/wp\/v2\/media?parent=4147"}],"curies":[{"name":"wp","href":"https:\/\/api.w.org\/{rel}","templated":true}]}}