{"id":4075,"date":"2024-06-21T09:06:55","date_gmt":"2024-06-21T09:06:55","guid":{"rendered":"https:\/\/articon.kiubo.ch\/contact\/"},"modified":"2026-01-14T19:19:09","modified_gmt":"2026-01-14T19:19:09","slug":"contact","status":"publish","type":"page","link":"https:\/\/articon.ch\/fr\/contact\/","title":{"rendered":"Contact"},"content":{"rendered":"\n<div class=\"wp-block-columns is-layout-flex wp-container-core-columns-is-layout-9d6595d7 wp-block-columns-is-layout-flex\">\n<div class=\"wp-block-column is-layout-flow wp-block-column-is-layout-flow\">\n<figure class=\"wp-block-image size-full\"><img loading=\"lazy\" decoding=\"async\" width=\"731\" height=\"477\" src=\"https:\/\/articon.ch\/wp-content\/smush-webp\/iStock-2164439150.jpg.webp\" alt=\"\" class=\"wp-image-2120\" srcset=\"https:\/\/articon.ch\/wp-content\/smush-webp\/iStock-2164439150.jpg.webp 731w, https:\/\/articon.ch\/wp-content\/smush-webp\/iStock-2164439150-480x313.jpg.webp 480w\" sizes=\"(min-width: 0px) and (max-width: 480px) 480px, (min-width: 481px) 731px, 100vw\" \/><\/figure>\n<\/div>\n\n\n\n<div class=\"wp-block-column is-layout-flow wp-block-column-is-layout-flow\">\n<h2 class=\"wp-block-heading h2-klein\" id=\"h-articon\"><strong>articon<\/strong><\/h2>\n\n\n\n<p>Cabinet sp\u00e9cialis\u00e9 dans la chirurgie articulaire<\/p>\n\n\n\n<p>Salem-Spital<br\/>Sch\u00e4nzlistrasse 39<br\/>CH-3013 Berne<\/p>\n\n\n\n<p><\/p>\n\n\n\n<p><strong>Prise de rendez-vous<\/strong>:<\/p>\n\n\n\n<p><\/p>\n\n\n\n<p>T\u00e9l\u00e9phone<strong>:<\/strong> +41 31 337 89 24<br\/>E-Mail: <a href=\"mailto:praxis@articon.ch?subject=Terminanfrage\">praxis@articon.ch<\/a><br\/><strong><a href=\"\/kontakt\/termin\/\">ou prendre un rendez-vous en ligne<\/a><\/strong><\/p>\n<\/div>\n<\/div>\n","protected":false},"excerpt":{"rendered":"<p>articon Cabinet sp\u00e9cialis\u00e9 dans la chirurgie articulaire Salem-SpitalSch\u00e4nzlistrasse 39CH-3013 Berne Prise de rendez-vous: T\u00e9l\u00e9phone: +41 31 337 89 24E-Mail: praxis@articon.chou prendre un rendez-vous en ligne<\/p>\n","protected":false},"author":1,"featured_media":3639,"parent":0,"menu_order":0,"comment_status":"closed","ping_status":"closed","template":"","meta":{"_acf_changed":false,"footnotes":""},"class_list":["post-4075","page","type-page","status-publish","has-post-thumbnail","hentry"],"acf":[],"_links":{"self":[{"href":"https:\/\/articon.ch\/fr\/wp-json\/wp\/v2\/pages\/4075","targetHints":{"allow":["GET"]}}],"collection":[{"href":"https:\/\/articon.ch\/fr\/wp-json\/wp\/v2\/pages"}],"about":[{"href":"https:\/\/articon.ch\/fr\/wp-json\/wp\/v2\/types\/page"}],"author":[{"embeddable":true,"href":"https:\/\/articon.ch\/fr\/wp-json\/wp\/v2\/users\/1"}],"replies":[{"embeddable":true,"href":"https:\/\/articon.ch\/fr\/wp-json\/wp\/v2\/comments?post=4075"}],"version-history":[{"count":9,"href":"https:\/\/articon.ch\/fr\/wp-json\/wp\/v2\/pages\/4075\/revisions"}],"predecessor-version":[{"id":5170,"href":"https:\/\/articon.ch\/fr\/wp-json\/wp\/v2\/pages\/4075\/revisions\/5170"}],"wp:featuredmedia":[{"embeddable":true,"href":"https:\/\/articon.ch\/fr\/wp-json\/wp\/v2\/media\/3639"}],"wp:attachment":[{"href":"https:\/\/articon.ch\/fr\/wp-json\/wp\/v2\/media?parent=4075"}],"curies":[{"name":"wp","href":"https:\/\/api.w.org\/{rel}","templated":true}]}}