{"id":4046,"date":"2024-06-10T17:48:12","date_gmt":"2024-06-10T17:48:12","guid":{"rendered":"https:\/\/articon.kiubo.ch\/a-propos-de-nous\/"},"modified":"2026-01-14T18:06:19","modified_gmt":"2026-01-14T18:06:19","slug":"a-propos-de-nous","status":"publish","type":"page","link":"https:\/\/articon.ch\/fr\/a-propos-de-nous\/","title":{"rendered":"\u00c0 propos de nous"},"content":{"rendered":"\n<p><\/p>\n\n<p><\/p>\n\n<p class=\"has-background\" style=\"background-color:#eeebeb\">Notre philosophie est bas\u00e9e sur l'expertise la plus \u00e9lev\u00e9e gr\u00e2ce \u00e0 la sp\u00e9cialisation, afin de vous offrir des soins m\u00e9dicaux optimaux. L'accent est toujours mis sur un traitement personnalis\u00e9 que nous d\u00e9veloppons avec vous et que nous organisons de mani\u00e8re transparente. Il est important pour nous de r\u00e9pondre \u00e0 vos questions et de vous impliquer activement dans toutes les d\u00e9cisions.  <\/p>\n\n<p><\/p>\n","protected":false},"excerpt":{"rendered":"<p>Notre philosophie est bas\u00e9e sur l&rsquo;expertise la plus \u00e9lev\u00e9e gr\u00e2ce \u00e0 la sp\u00e9cialisation, afin de vous offrir des soins m\u00e9dicaux optimaux. L&rsquo;accent est toujours mis sur un traitement personnalis\u00e9 que nous d\u00e9veloppons avec vous et que nous organisons de mani\u00e8re transparente. Il est important pour nous de r\u00e9pondre \u00e0 vos questions et de vous impliquer [&hellip;]<\/p>\n","protected":false},"author":1,"featured_media":5024,"parent":0,"menu_order":0,"comment_status":"closed","ping_status":"closed","template":"","meta":{"_acf_changed":false,"footnotes":""},"class_list":["post-4046","page","type-page","status-publish","has-post-thumbnail","hentry"],"acf":[],"_links":{"self":[{"href":"https:\/\/articon.ch\/fr\/wp-json\/wp\/v2\/pages\/4046","targetHints":{"allow":["GET"]}}],"collection":[{"href":"https:\/\/articon.ch\/fr\/wp-json\/wp\/v2\/pages"}],"about":[{"href":"https:\/\/articon.ch\/fr\/wp-json\/wp\/v2\/types\/page"}],"author":[{"embeddable":true,"href":"https:\/\/articon.ch\/fr\/wp-json\/wp\/v2\/users\/1"}],"replies":[{"embeddable":true,"href":"https:\/\/articon.ch\/fr\/wp-json\/wp\/v2\/comments?post=4046"}],"version-history":[{"count":3,"href":"https:\/\/articon.ch\/fr\/wp-json\/wp\/v2\/pages\/4046\/revisions"}],"predecessor-version":[{"id":5123,"href":"https:\/\/articon.ch\/fr\/wp-json\/wp\/v2\/pages\/4046\/revisions\/5123"}],"wp:featuredmedia":[{"embeddable":true,"href":"https:\/\/articon.ch\/fr\/wp-json\/wp\/v2\/media\/5024"}],"wp:attachment":[{"href":"https:\/\/articon.ch\/fr\/wp-json\/wp\/v2\/media?parent=4046"}],"curies":[{"name":"wp","href":"https:\/\/api.w.org\/{rel}","templated":true}]}}