{"id":3982,"date":"2024-06-10T17:28:27","date_gmt":"2024-06-10T17:28:27","guid":{"rendered":"https:\/\/articon.kiubo.ch\/recuperation-optimale-apres-une-prothese-articulaire\/"},"modified":"2025-12-03T10:35:06","modified_gmt":"2025-12-03T10:35:06","slug":"recuperation-optimale-apres-une-prothese-articulaire","status":"publish","type":"page","link":"https:\/\/articon.ch\/fr\/recuperation-optimale-apres-une-prothese-articulaire\/","title":{"rendered":"R\u00e9cup\u00e9ration optimale apr\u00e8s une proth\u00e8se articulaire"},"content":{"rendered":"","protected":false},"excerpt":{"rendered":"","protected":false},"author":1,"featured_media":3579,"parent":0,"menu_order":0,"comment_status":"closed","ping_status":"closed","template":"","meta":{"_acf_changed":false,"footnotes":""},"class_list":["post-3982","page","type-page","status-publish","has-post-thumbnail","hentry"],"acf":[],"_links":{"self":[{"href":"https:\/\/articon.ch\/fr\/wp-json\/wp\/v2\/pages\/3982","targetHints":{"allow":["GET"]}}],"collection":[{"href":"https:\/\/articon.ch\/fr\/wp-json\/wp\/v2\/pages"}],"about":[{"href":"https:\/\/articon.ch\/fr\/wp-json\/wp\/v2\/types\/page"}],"author":[{"embeddable":true,"href":"https:\/\/articon.ch\/fr\/wp-json\/wp\/v2\/users\/1"}],"replies":[{"embeddable":true,"href":"https:\/\/articon.ch\/fr\/wp-json\/wp\/v2\/comments?post=3982"}],"version-history":[{"count":2,"href":"https:\/\/articon.ch\/fr\/wp-json\/wp\/v2\/pages\/3982\/revisions"}],"predecessor-version":[{"id":4679,"href":"https:\/\/articon.ch\/fr\/wp-json\/wp\/v2\/pages\/3982\/revisions\/4679"}],"wp:featuredmedia":[{"embeddable":true,"href":"https:\/\/articon.ch\/fr\/wp-json\/wp\/v2\/media\/3579"}],"wp:attachment":[{"href":"https:\/\/articon.ch\/fr\/wp-json\/wp\/v2\/media?parent=3982"}],"curies":[{"name":"wp","href":"https:\/\/api.w.org\/{rel}","templated":true}]}}