{"id":3971,"date":"2024-05-02T09:33:17","date_gmt":"2024-05-02T09:33:17","guid":{"rendered":"https:\/\/articon.kiubo.ch\/declaration-de-confidentialite\/"},"modified":"2025-11-20T09:33:01","modified_gmt":"2025-11-20T09:33:01","slug":"declaration-de-confidentialite","status":"publish","type":"page","link":"https:\/\/articon.ch\/fr\/declaration-de-confidentialite\/","title":{"rendered":"D\u00e9claration de confidentialit\u00e9"},"content":{"rendered":"\n<p>Bienvenue sur le site web de notre cabinet m\u00e9dical. La d\u00e9claration de confidentialit\u00e9 suivante s'applique \u00e0 l'utilisation de notre site web et des services qu'il propose. La pr\u00e9sente d\u00e9claration de confidentialit\u00e9 vous informe sur la collecte de donn\u00e9es personnelles lors de votre visite sur ce site. En utilisant ce site web, vous acceptez que vos donn\u00e9es personnelles soient trait\u00e9es conform\u00e9ment \u00e0 la pr\u00e9sente d\u00e9claration de confidentialit\u00e9.   <\/p>\n\n<p>La collecte et le traitement de vos donn\u00e9es personnelles sont effectu\u00e9s dans le respect des lois et exigences en vigueur en mati\u00e8re de protection des donn\u00e9es. Par ailleurs, le cabinet m\u00e9dical d\u00e9cline toute responsabilit\u00e9 quant \u00e0 l'utilisation de ce site. <\/p>\n\n<p>En principe, notre cabinet m\u00e9dical ne propose ses services qu'en Suisse et ne s'adresse qu'aux personnes r\u00e9sidant en Suisse.<\/p>\n\n<h3 class=\"wp-block-heading\">Contenu de l'offre en ligne.<\/h3>\n\n<p>articon AG ne garantit pas l'actualit\u00e9, l'exactitude, l'exhaustivit\u00e9 ou la qualit\u00e9 des informations fournies. articon AG se r\u00e9serve express\u00e9ment le droit de modifier, de compl\u00e9ter, de supprimer ou de suspendre temporairement ou d\u00e9finitivement la publication de certaines parties des pages ou de l'ensemble de l'offre sans avis pr\u00e9alable. <\/p>\n\n<h3 class=\"wp-block-heading\">Liens vers d'autres sites.<\/h3>\n\n<p>En utilisant certains liens sur le site web, il vous est possible d'acc\u00e9der \u00e0 des sites web de tiers. articon AG n'a aucune influence sur le contenu ou la s\u00e9curit\u00e9 de ces sites et n'assume aucune responsabilit\u00e9 \u00e0 leur \u00e9gard. Si, contre toute attente, des contenus ill\u00e9gaux ou contraires aux bonnes m\u0153urs sont accessibles par le biais de liens, articon AG vous prie de bien vouloir le lui signaler.  <\/p>\n\n<h3 class=\"wp-block-heading\">Droits d'auteur et droits des marques.<\/h3>\n\n<p>Le contenu de ces pages Internet est prot\u00e9g\u00e9 par des droits d'auteur. Les graphiques, textes, logos, images, etc. ne peuvent \u00eatre reproduits, copi\u00e9s, modifi\u00e9s, publi\u00e9s, envoy\u00e9s, transmis ou utilis\u00e9s sous une autre forme \u00e0 des fins personnelles ou pour des tiers qu'avec l'autorisation \u00e9crite d'articon AG. Les noms de produits et de soci\u00e9t\u00e9s \u00e9ventuellement cit\u00e9s peuvent \u00eatre des marques d\u00e9pos\u00e9es ou des marques commerciales. Toute utilisation non autoris\u00e9e peut donner lieu \u00e0 des demandes de dommages et int\u00e9r\u00eats et d'injonction.   <\/p>\n\n<p>L'utilisation par des tiers des donn\u00e9es de contact d'articon AG ou de tiers publi\u00e9es dans le cadre des mentions l\u00e9gales ou d'indications comparables, telles que les adresses postales, les num\u00e9ros de t\u00e9l\u00e9phone et de fax ainsi que les adresses e-mail, pour l'envoi d'informations non express\u00e9ment demand\u00e9es, n'est pas autoris\u00e9e. Nous nous r\u00e9servons express\u00e9ment le droit d'engager des poursuites judiciaires contre les exp\u00e9diteurs de ce que l'on appelle des spams en cas de violation de cette interdiction. <\/p>\n\n<h3 class=\"wp-block-heading\">Clause de non-responsabilit\u00e9.<\/h3>\n\n<p>La responsabilit\u00e9 d'articon AG ne saurait \u00eatre engag\u00e9e en cas de dommages mat\u00e9riels ou immat\u00e9riels caus\u00e9s par l'utilisation ou la non-utilisation des informations pr\u00e9sent\u00e9es, par l'utilisation d'informations erron\u00e9es ou incompl\u00e8tes ou par des virus susceptibles d'infecter l'ordinateur et l'\u00e9quipement associ\u00e9, sauf en cas de faute intentionnelle ou de n\u00e9gligence grave av\u00e9r\u00e9e de la part d'articon AG.<\/p>\n\n<h3 class=\"wp-block-heading\">Collecte de donn\u00e9es et d'informations g\u00e9n\u00e9rales<\/h3>\n\n<p>Chaque fois que vous consultez le site web, une s\u00e9rie de donn\u00e9es et d'informations g\u00e9n\u00e9rales sont collect\u00e9es. Ces donn\u00e9es et informations g\u00e9n\u00e9rales sont stock\u00e9es dans les fichiers journaux du serveur. Peuvent \u00eatre saisis (1) les types et versions de navigateurs utilis\u00e9s, (2) le syst\u00e8me d'exploitation utilis\u00e9 par le syst\u00e8me d'acc\u00e8s, (3) le site web \u00e0 partir duquel un syst\u00e8me d'acc\u00e8s arrive sur notre site web (ce que l'on appelle le r\u00e9f\u00e9rent), (4) les sous-sites web qui sont consult\u00e9s sur notre site web par un syst\u00e8me d'acc\u00e8s, (5) la date et l'heure d'acc\u00e8s au site, (6) une adresse de protocole Internet (adresse IP), (7) le fournisseur d'acc\u00e8s Internet du syst\u00e8me d'acc\u00e8s et (8) d'autres donn\u00e9es et informations similaires qui servent \u00e0 pr\u00e9venir les risques en cas d'attaques sur notre infrastructure informatique.  <\/p>\n\n<p>Ces donn\u00e9es et informations sont n\u00e9cessaires pour (1) pr\u00e9senter correctement le contenu de notre site web, (2) optimiser le contenu de notre site web, (3) garantir le fonctionnement durable de notre infrastructure informatique et de la technique de notre site web et (4) fournir les informations n\u00e9cessaires aux autorit\u00e9s charg\u00e9es de l'application de la loi en cas de cyberattaque.<\/p>\n\n<p>En outre, notre cabinet m\u00e9dical peut analyser ces donn\u00e9es et informations d'une part \u00e0 des fins statistiques et d'autre part dans le but d'am\u00e9liorer la protection et la s\u00e9curit\u00e9 des donn\u00e9es de son infrastructure informatique. Les donn\u00e9es et informations collect\u00e9es ne sont trait\u00e9es qu'aux fins susmentionn\u00e9es et sont ensuite effac\u00e9es. <\/p>\n\n<h3 class=\"wp-block-heading\"><strong>Cookies et autres services<\/strong><\/h3>\n\n<p>Notre cabinet m\u00e9dical peut utiliser des cookies sur son site web. Les cookies contiennent ce que l'on appelle un cookie ID, un identifiant unique du cookie qui associe les pages web et les serveurs \u00e0 un navigateur Internet sp\u00e9cifique. Un navigateur Internet sp\u00e9cifique peut \u00eatre reconnu et identifi\u00e9 gr\u00e2ce \u00e0 cet identifiant de cookie unique.  <\/p>\n\n<p>De telles informations sur l'utilisation de ce site web (y compris votre adresse IP) peuvent, par exemple dans le cas de Google Analytics, \u00eatre transmises \u00e0 des serveurs \u00e0 l'\u00e9tranger et y \u00eatre stock\u00e9es. En utilisant notre site web, vous acceptez le transfert de ces donn\u00e9es. <\/p>\n\n<p>Notre cabinet m\u00e9dical peut utiliser d'autres offres de services de fournisseurs tiers pour int\u00e9grer leurs contenus et services, comme par exemple des vid\u00e9os ou des articles, dans le site web. Une telle int\u00e9gration suppose toujours que ces fournisseurs tiers puissent collecter et traiter l'adresse IP et d'autres informations des visiteurs de ce site web. En utilisant notre site web, vous acceptez cela.  <\/p>\n\n<p>Ce site web peut contenir des boutons (\"plugins de m\u00e9dias sociaux\") qui \u00e9tablissent un contact avec les serveurs des r\u00e9seaux sociaux (Facebook, Twitter, Instagram, etc.). En cliquant sur l'un de ces boutons, vous donnez votre accord pour que les donn\u00e9es n\u00e9cessaires telles que l'adresse IP, la visite du site web, etc. soient transmises \u00e0 l'op\u00e9rateur du r\u00e9seau social concern\u00e9. <\/p>\n\n<h3 class=\"wp-block-heading\">Possibilit\u00e9s de communication<\/h3>\n\n<p>Le site web de notre cabinet m\u00e9dical contient certaines informations qui permettent une prise de contact \u00e9lectronique rapide ainsi qu'une communication directe, ce qui comprend \u00e9galement une adresse e-mail g\u00e9n\u00e9rale. Si vous nous contactez par le biais des moyens de communication propos\u00e9s sur notre site web, vos coordonn\u00e9es et leur contenu ne seront utilis\u00e9s que pour traiter et r\u00e9pondre \u00e0 votre demande. <\/p>\n\n<p>Veuillez noter qu'il n'est pas possible de garantir que vos donn\u00e9es seront transmises de mani\u00e8re confidentielle. C'est pourquoi il ne faut pas transmettre de donn\u00e9es confidentielles (questions m\u00e9dicales, etc.) lors de cette prise de contact. <\/p>\n\n<h3 class=\"wp-block-heading\">Vos droits<\/h3>\n\n<p>En vertu de la loi sur la protection des donn\u00e9es, vous avez diff\u00e9rents droits, comme le droit d'acc\u00e8s. Pour faire valoir vos droits, veuillez prendre contact avec le cabinet m\u00e9dical. Nous nous tenons \u00e0 votre disposition pour toute information compl\u00e9mentaire \u00e0 ce sujet.  <\/p>\n\n<h3 class=\"wp-block-heading\">Modifications<\/h3>\n\n<p>Notre cabinet m\u00e9dical peut modifier \u00e0 tout moment et sans pr\u00e9avis la pr\u00e9sente d\u00e9claration de confidentialit\u00e9. La version en vigueur publi\u00e9e sur notre site web s'applique. Dans la mesure o\u00f9 la d\u00e9claration de confidentialit\u00e9 fait partie d'un contrat avec vous, nous vous informerons de la modification par e-mail ou par tout autre moyen appropri\u00e9 en cas de mise \u00e0 jour.  <\/p>\n\n<p><strong>articon AG, Berne, 08\/2023<\/strong><\/p>\n","protected":false},"excerpt":{"rendered":"","protected":false},"author":1,"featured_media":3525,"parent":0,"menu_order":0,"comment_status":"closed","ping_status":"closed","template":"","meta":{"_acf_changed":false,"footnotes":""},"class_list":["post-3971","page","type-page","status-publish","has-post-thumbnail","hentry"],"acf":[],"_links":{"self":[{"href":"https:\/\/articon.ch\/fr\/wp-json\/wp\/v2\/pages\/3971","targetHints":{"allow":["GET"]}}],"collection":[{"href":"https:\/\/articon.ch\/fr\/wp-json\/wp\/v2\/pages"}],"about":[{"href":"https:\/\/articon.ch\/fr\/wp-json\/wp\/v2\/types\/page"}],"author":[{"embeddable":true,"href":"https:\/\/articon.ch\/fr\/wp-json\/wp\/v2\/users\/1"}],"replies":[{"embeddable":true,"href":"https:\/\/articon.ch\/fr\/wp-json\/wp\/v2\/comments?post=3971"}],"version-history":[{"count":2,"href":"https:\/\/articon.ch\/fr\/wp-json\/wp\/v2\/pages\/3971\/revisions"}],"predecessor-version":[{"id":4661,"href":"https:\/\/articon.ch\/fr\/wp-json\/wp\/v2\/pages\/3971\/revisions\/4661"}],"wp:featuredmedia":[{"embeddable":true,"href":"https:\/\/articon.ch\/fr\/wp-json\/wp\/v2\/media\/3525"}],"wp:attachment":[{"href":"https:\/\/articon.ch\/fr\/wp-json\/wp\/v2\/media?parent=3971"}],"curies":[{"name":"wp","href":"https:\/\/api.w.org\/{rel}","templated":true}]}}